{"id":3651,"date":"2024-06-18T12:14:20","date_gmt":"2024-06-18T10:14:20","guid":{"rendered":"https:\/\/gremi.ahorraconcaes.infofuturo.eu\/politica-de-privacidad\/"},"modified":"2026-01-16T13:08:28","modified_gmt":"2026-01-16T12:08:28","slug":"politica-de-privacitat","status":"publish","type":"page","link":"https:\/\/gremibcn.ahorraconcaes.com\/ca\/politica-de-privacitat\/","title":{"rendered":"Pol\u00edtica de Privacitat"},"content":{"rendered":"<div class=\"brz brz-root__container brz-reset-all brz-root__container-page\">\n<section id=\"cfxbTQrbzDr1_cfxbTQrbzDr1\" class=\"brz-section brz-css-3aampw brz-css-16nzoh5\">\n<div class=\"brz-section__content brz-section--fullWidth brz-css-1wi8juc brz-css-5ykt8c\" data-brz-custom-id=\"b6KBtbBSc4zY\">\n<div class=\"brz-bg\">\n<div class=\"brz-bg-color\"><\/div>\n<\/div>\n<div class=\"brz-container brz-css-1cvdouf brz-css-11fyyl2\">\n<div class=\"brz-row__container brz-css-1ywx1pz brz-css-1bz2ebv\" data-brz-custom-id=\"dttkDNTUYMs8\">\n<div class=\"brz-bg\">\n<div class=\"brz-bg-color\"><\/div>\n<\/div>\n<div class=\"brz-row brz-css-xoye09 brz-css-tngv56\">\n<div class=\"brz-columns brz-css-b3483u brz-css-1msyvep\" data-brz-custom-id=\"iePMbhJG_dix\">\n<div class=\"brz-column__items brz-css-1cz6ukt brz-css-adkans\">\n<div id=\"\" class=\"brz-css-i3i8pt brz-css-ucn4lf brz-wrapper\">\n<div class=\"brz-rich-text brz-rich-text__custom brz-css-x0amnr brz-css-fvi6cc\" data-brz-custom-id=\"h5T3tqANk3e6\">\n<div data-brz-translate-text=\"1\">\n<h1 class=\"brz-text-xs-left ql-align-justify brz-fss-lg-px brz-fw-lg-400 brz-ls-lg-m_1_5 brz-lh-lg-1_3 brz-vfw-lg-400 brz-fwdth-lg-100 brz-fsft-lg-0 brz-text-lg-justify brz-fs-lg-30 brz-tp-lg-heading1 brz-fss-xs-px brz-fw-xs-700 brz-ls-xs-m_1 brz-lh-xs-1_3 brz-vfw-xs-400 brz-fwdth-xs-100 brz-fsft-xs-0 brz-ff-red_hat_text brz-ft-google brz-tp-xs-empty brz-fs-xs-40 brz-css-xTDan\" data-generated-css=\"brz-css-zfFKT\" data-uniq-id=\"i_jxq\"><span class=\"brz-cp-color4\">POL\u00cdTICA DE PRIVACITAT<\/span><\/h1>\n<\/div>\n<\/div>\n<\/div>\n<div id=\"\" class=\"brz-css-i3i8pt brz-css-1vb8wh1 brz-wrapper\">\n<div class=\"brz-line brz-line-default brz-css-d09i3 brz-css-1m1blj4\" data-brz-custom-id=\"v2nLqGhm_fZ7\">\n<hr class=\"brz-hr\"><\/div>\n<\/div>\n<div id=\"\" class=\"brz-css-i3i8pt brz-css-1c9u013 brz-css-1sik4ik brz-wrapper\">\n<div class=\"brz-spacer brz-css-qlcuep brz-css-10ml4hy\"><\/div>\n<\/div>\n<div id=\"\" class=\"brz-css-i3i8pt brz-css-yqb16e brz-wrapper\">\n<div class=\"brz-rich-text brz-rich-text__custom brz-css-x0amnr brz-css-1oqbqua\" data-brz-custom-id=\"ieTFgTBmppvW\">\n<div data-brz-translate-text=\"1\">\n<p class=\"brz-tp-xs-paragraph brz-tp-lg-paragraph brz-fsft-lg-0 brz-fwdth-lg-100 brz-vfw-lg-400 brz-lh-lg-1_5 brz-ls-lg-0 brz-fw-lg-400 brz-fss-lg-px brz-fs-lg-16 brz-ft-google brz-ff-red_hat_text brz-text-lg-justify brz-fs-xs-25 brz-fss-xs-px brz-fw-xs-400 brz-ls-xs-m_1_5 brz-lh-xs-1_3 brz-vfw-xs-400 brz-fwdth-xs-100 brz-fsft-xs-0 brz-text-xs-left ql-align-justify brz-css-uiKB8\" data-uniq-id=\"hCGUd\" data-generated-css=\"brz-css-b0JI9\"><span class=\"brz-cp-color7\">ASSOCIACI\u00d3 EMPRESARIAL D\u2019INSTAL\u00b7LADORS DE BARCELONA, d\u2019ara endavant \u201cel GREMI\u201d, \u00e9s l\u2019entitat titular del Website www.gremibcn.cat (d\u2019ara endavant el \u201cLloc Web\u201d), amb domicili social en Carrer Bruc, 94, Baixos 08009 Barcelona; i amb CIF n\u00famero G08595530.<\/span><\/p>\n<p class=\"brz-tp-xs-paragraph brz-tp-lg-paragraph brz-fsft-lg-0 brz-fwdth-lg-100 brz-vfw-lg-400 brz-lh-lg-1_5 brz-ls-lg-0 brz-fw-lg-400 brz-fss-lg-px brz-fs-lg-16 brz-ft-google brz-ff-red_hat_text brz-text-lg-justify brz-fs-xs-25 brz-fss-xs-px brz-fw-xs-400 brz-ls-xs-m_1_5 brz-lh-xs-1_3 brz-vfw-xs-400 brz-fwdth-xs-100 brz-fsft-xs-0 brz-text-xs-left ql-align-justify brz-css-uFold\" data-uniq-id=\"pf3XF\" data-generated-css=\"brz-css-krsAV\"><span class=\"brz-cp-color7\"> <\/span><\/p>\n<p class=\"brz-tp-xs-paragraph brz-tp-lg-paragraph brz-fsft-lg-0 brz-fwdth-lg-100 brz-vfw-lg-400 brz-lh-lg-1_5 brz-ls-lg-0 brz-fw-lg-400 brz-fss-lg-px brz-fs-lg-16 brz-ft-google brz-ff-red_hat_text brz-text-lg-justify brz-fs-xs-25 brz-fss-xs-px brz-fw-xs-400 brz-ls-xs-m_1_5 brz-lh-xs-1_3 brz-vfw-xs-400 brz-fwdth-xs-100 brz-fsft-xs-0 brz-text-xs-left ql-align-justify brz-css-ipaoo\" data-uniq-id=\"peM2h\" data-generated-css=\"brz-css-ssfwP\"><span class=\"brz-cp-color7\">el GREMI li garanteix la protecci\u00f3 de totes les dades de car\u00e0cter personal que proporcioni l\u2019Usuari en el \u201cLloc web\u201d i, en compliment d\u2019all\u00f2 que es disposa en la normativa de Protecci\u00f3 de Dades de Car\u00e0cter Personal, l\u2019informa que:<\/span><\/p>\n<p class=\"brz-tp-xs-paragraph brz-tp-lg-paragraph brz-fsft-lg-0 brz-fwdth-lg-100 brz-vfw-lg-400 brz-lh-lg-1_5 brz-ls-lg-0 brz-fw-lg-400 brz-fss-lg-px brz-fs-lg-16 brz-ft-google brz-ff-red_hat_text brz-text-lg-justify brz-fs-xs-25 brz-fss-xs-px brz-fw-xs-400 brz-ls-xs-m_1_5 brz-lh-xs-1_3 brz-vfw-xs-400 brz-fwdth-xs-100 brz-fsft-xs-0 brz-text-xs-left ql-align-justify brz-css-aZe46\" data-uniq-id=\"d02bg\" data-generated-css=\"brz-css-ijdg3\"><span class=\"brz-cp-color7\"> <\/span><\/p>\n<p class=\"brz-bcp-color7 brz-tp-xs-paragraph brz-tp-lg-paragraph brz-fsft-lg-0 brz-fwdth-lg-100 brz-vfw-lg-400 brz-lh-lg-1_5 brz-ls-lg-0 brz-fw-lg-400 brz-fss-lg-px brz-fs-lg-16 brz-ft-google brz-ff-red_hat_text brz-text-lg-justify brz-fs-xs-25 brz-fss-xs-px brz-fw-xs-400 brz-ls-xs-m_1_5 brz-lh-xs-1_3 brz-vfw-xs-400 brz-fwdth-xs-100 brz-fsft-xs-0 brz-text-xs-left ql-align-justify brz-css-wIjdZ\" data-uniq-id=\"rpTTD\" data-generated-css=\"brz-css-bL2a1\"><span class=\"brz-cp-color7\">a) Totes les dades de car\u00e0cter personal facilitades al GREMI seran tractats per aquesta d\u2019acord amb la normativa de Protecci\u00f3 de Dades de Car\u00e0cter Personal i quedaran incorporats en el tractament USUARIS DE LA P\u00c0GINA WEB, creat i mantingut sota la responsabilitat de el GREMI, el qual ha estat degudament registrat en l\u2019Ag\u00e8ncia Espanyola de Protecci\u00f3 de Dades.<\/span><\/p>\n<p class=\"brz-bcp-color7 brz-tp-xs-paragraph brz-tp-lg-paragraph brz-fsft-lg-0 brz-fwdth-lg-100 brz-vfw-lg-400 brz-lh-lg-1_5 brz-ls-lg-0 brz-fw-lg-400 brz-fss-lg-px brz-fs-lg-16 brz-ft-google brz-ff-red_hat_text brz-text-lg-justify brz-fs-xs-25 brz-fss-xs-px brz-fw-xs-400 brz-ls-xs-m_1_5 brz-lh-xs-1_3 brz-vfw-xs-400 brz-fwdth-xs-100 brz-fsft-xs-0 brz-text-xs-left ql-align-justify brz-css-imnPa\" data-uniq-id=\"rpiiJ\" data-generated-css=\"brz-css-tYtL7\"><span class=\"brz-cp-color7\"> <\/span><\/p>\n<p class=\"brz-bcp-color7 brz-tp-xs-paragraph brz-tp-lg-paragraph brz-fsft-lg-0 brz-fwdth-lg-100 brz-vfw-lg-400 brz-lh-lg-1_5 brz-ls-lg-0 brz-fw-lg-400 brz-fss-lg-px brz-fs-lg-16 brz-ft-google brz-ff-red_hat_text brz-text-lg-justify brz-fs-xs-25 brz-fss-xs-px brz-fw-xs-400 brz-ls-xs-m_1_5 brz-lh-xs-1_3 brz-vfw-xs-400 brz-fwdth-xs-100 brz-fsft-xs-0 brz-text-xs-left ql-align-justify brz-css-qnCtV\" data-uniq-id=\"gnv2t\" data-generated-css=\"brz-css-y90Wy\"><span class=\"brz-cp-color7\">b) Les dades s\u00f3n recaptades amb les seg\u00fcents finalitats: Assegurar la correcta gesti\u00f3 dels serveis o productes sol\u00b7licitats, i gesti\u00f3, estudi i resoluci\u00f3 de consultes.<\/span><\/p>\n<p class=\"brz-bcp-color7 brz-tp-xs-paragraph brz-tp-lg-paragraph brz-fsft-lg-0 brz-fwdth-lg-100 brz-vfw-lg-400 brz-lh-lg-1_5 brz-ls-lg-0 brz-fw-lg-400 brz-fss-lg-px brz-fs-lg-16 brz-ft-google brz-ff-red_hat_text brz-text-lg-justify brz-fs-xs-25 brz-fss-xs-px brz-fw-xs-400 brz-ls-xs-m_1_5 brz-lh-xs-1_3 brz-vfw-xs-400 brz-fwdth-xs-100 brz-fsft-xs-0 brz-text-xs-left ql-align-justify brz-css-fjMkz\" data-uniq-id=\"x08HM\" data-generated-css=\"brz-css-nNrJb\"><span class=\"brz-cp-color7\"> <\/span><\/p>\n<p class=\"brz-bcp-color7 brz-tp-xs-paragraph brz-tp-lg-paragraph brz-fsft-lg-0 brz-fwdth-lg-100 brz-vfw-lg-400 brz-lh-lg-1_5 brz-ls-lg-0 brz-fw-lg-400 brz-fss-lg-px brz-fs-lg-16 brz-ft-google brz-ff-red_hat_text brz-text-lg-justify brz-fs-xs-25 brz-fss-xs-px brz-fw-xs-400 brz-ls-xs-m_1_5 brz-lh-xs-1_3 brz-vfw-xs-400 brz-fwdth-xs-100 brz-fsft-xs-0 brz-text-xs-left ql-align-justify brz-css-jPFib\" data-uniq-id=\"oUEt8\" data-generated-css=\"brz-css-mNbZN\"><span class=\"brz-cp-color7\">c) En la recollida i el tractament de les dades de car\u00e0cter personal s\u2019han adoptat les mesures de seguretat adequades per evitar la p\u00e8rdua, l\u2019acc\u00e9s no autoritzat o la manipulaci\u00f3 d\u2019aquests.<\/span><\/p>\n<p class=\"brz-bcp-color7 brz-tp-xs-paragraph brz-tp-lg-paragraph brz-fsft-lg-0 brz-fwdth-lg-100 brz-vfw-lg-400 brz-lh-lg-1_5 brz-ls-lg-0 brz-fw-lg-400 brz-fss-lg-px brz-fs-lg-16 brz-ft-google brz-ff-red_hat_text brz-text-lg-justify brz-fs-xs-25 brz-fss-xs-px brz-fw-xs-400 brz-ls-xs-m_1_5 brz-lh-xs-1_3 brz-vfw-xs-400 brz-fwdth-xs-100 brz-fsft-xs-0 brz-text-xs-left ql-align-justify brz-css-zw59C\" data-uniq-id=\"l_lbd\" data-generated-css=\"brz-css-hx183\"><span class=\"brz-cp-color7\"> <\/span><\/p>\n<p class=\"brz-bcp-color7 brz-tp-xs-paragraph brz-tp-lg-paragraph brz-fsft-lg-0 brz-fwdth-lg-100 brz-vfw-lg-400 brz-lh-lg-1_5 brz-ls-lg-0 brz-fw-lg-400 brz-fss-lg-px brz-fs-lg-16 brz-ft-google brz-ff-red_hat_text brz-text-lg-justify brz-fs-xs-25 brz-fss-xs-px brz-fw-xs-400 brz-ls-xs-m_1_5 brz-lh-xs-1_3 brz-vfw-xs-400 brz-fwdth-xs-100 brz-fsft-xs-0 brz-text-xs-left ql-align-justify brz-css-lcc9K\" data-uniq-id=\"eP4RC\" data-generated-css=\"brz-css-cLXHn\"><span class=\"brz-cp-color7\">d) el GREMI es compromet a protegir la informaci\u00f3 confidencial a la qual tingui acc\u00e9s. el GREMI no emprar\u00e0 en cap cas les dades de car\u00e0cter personal que vost\u00e8 posi a la seva disposici\u00f3 per prestar serveis a tercers diferents dels referits a l\u2019apartat b) del present document o, si escau, per aconseguir una utilitat pr\u00f2pia.<\/span><\/p>\n<p class=\"brz-bcp-color7 brz-tp-xs-paragraph brz-tp-lg-paragraph brz-fsft-lg-0 brz-fwdth-lg-100 brz-vfw-lg-400 brz-lh-lg-1_5 brz-ls-lg-0 brz-fw-lg-400 brz-fss-lg-px brz-fs-lg-16 brz-ft-google brz-ff-red_hat_text brz-text-lg-justify brz-fs-xs-25 brz-fss-xs-px brz-fw-xs-400 brz-ls-xs-m_1_5 brz-lh-xs-1_3 brz-vfw-xs-400 brz-fwdth-xs-100 brz-fsft-xs-0 brz-text-xs-left ql-align-justify brz-css-utQhe\" data-uniq-id=\"y9slw\" data-generated-css=\"brz-css-dt9FX\"><span class=\"brz-cp-color7\"> <\/span><\/p>\n<p class=\"brz-bcp-color7 brz-tp-xs-paragraph brz-tp-lg-paragraph brz-fsft-lg-0 brz-fwdth-lg-100 brz-vfw-lg-400 brz-lh-lg-1_5 brz-ls-lg-0 brz-fw-lg-400 brz-fss-lg-px brz-fs-lg-16 brz-ft-google brz-ff-red_hat_text brz-text-lg-justify brz-fs-xs-25 brz-fss-xs-px brz-fw-xs-400 brz-ls-xs-m_1_5 brz-lh-xs-1_3 brz-vfw-xs-400 brz-fwdth-xs-100 brz-fsft-xs-0 brz-text-xs-left ql-align-justify brz-css-eINsi\" data-uniq-id=\"wB701\" data-generated-css=\"brz-css-iq1w_\"><span class=\"brz-cp-color7\">e) L\u2019Usuari pot, en tot moment, exercitar els drets d\u2019acc\u00e9s, supressi\u00f3 (dret a l\u2019oblit), limitaci\u00f3 de tractament, oposici\u00f3, portabilitat, dret a no ser objecte de decisions individualitzades, aix\u00ed com el de revocaci\u00f3 del consentiment per a qualsevol de les finalitats abans assenyalades, enviant al GREMI una carta degudament signada a la nostra adre\u00e7a postal, a dalt indicada, on constin clarament les dades de contacte, que haur\u00e0 d\u2019acompanyar-se d\u2019una fotoc\u00f2pia del seu DNI\/NIF o document que acrediti la seva identitat.<\/span><\/p>\n<p class=\"brz-bcp-color7 ql-align-justify brz-tp-xs-paragraph brz-fsft-lg-0 brz-fwdth-lg-100 brz-vfw-lg-400 brz-lh-lg-1_5 brz-ls-lg-0 brz-fw-lg-400 brz-fss-lg-px brz-fs-lg-16 brz-ft-google brz-ff-red_hat_text brz-tp-lg-paragraph brz-text-lg-justify brz-fs-xs-25 brz-fss-xs-px brz-fw-xs-400 brz-ls-xs-m_1_5 brz-lh-xs-1_3 brz-vfw-xs-400 brz-fwdth-xs-100 brz-fsft-xs-0 brz-text-xs-left brz-css-zl0Cc\" data-uniq-id=\"xH2Ks\" data-generated-css=\"brz-css-pNMWd\"><span class=\"brz-cp-color7\"> <\/span><\/p>\n<p class=\"brz-bcp-color7 ql-align-justify brz-tp-xs-paragraph brz-fsft-lg-0 brz-fwdth-lg-100 brz-vfw-lg-400 brz-lh-lg-1_5 brz-ls-lg-0 brz-fw-lg-400 brz-fss-lg-px brz-fs-lg-16 brz-ft-google brz-ff-red_hat_text brz-tp-lg-paragraph brz-text-lg-justify brz-fs-xs-25 brz-fss-xs-px brz-fw-xs-400 brz-ls-xs-m_1_5 brz-lh-xs-1_3 brz-vfw-xs-400 brz-fwdth-xs-100 brz-fsft-xs-0 brz-text-xs-left brz-css-uMxPh\" data-uniq-id=\"cWiEF\" data-generated-css=\"brz-css-dORH2\"><span class=\"brz-cp-color7\">f) L\u2019Usuari autoritza al tractament automatitzat de les dades personals subministrades en els termes indicats. Per a aix\u00f2 premi el bot\u00f3 \u201cENVIAR\u201d que es troba despr\u00e9s del formulari de recollida de dades.<\/span><\/p>\n<\/div>\n<\/div>\n<\/div>\n<\/div>\n<\/div>\n<\/div>\n<\/div>\n<\/div>\n<\/div>\n<\/section><\/div>\n<p><!-- version:1758697581 --><\/p>\n","protected":false},"excerpt":{"rendered":"<p>POL\u00cdTICA DE PRIVACITAT ASSOCIACI\u00d3 EMPRESARIAL D\u2019INSTAL\u00b7LADORS DE BARCELONA, d\u2019ara endavant \u201cel GREMI\u201d, \u00e9s l\u2019entitat titular del Website www.gremibcn.cat (d\u2019ara endavant [&hellip;]<\/p>\n","protected":false},"author":1,"featured_media":0,"parent":0,"menu_order":0,"comment_status":"closed","ping_status":"closed","template":"brizy-blank-template.php","meta":{"site-sidebar-layout":"default","site-content-layout":"","ast-site-content-layout":"default","site-content-style":"default","site-sidebar-style":"default","ast-global-header-display":"","ast-banner-title-visibility":"","ast-main-header-display":"","ast-hfb-above-header-display":"","ast-hfb-below-header-display":"","ast-hfb-mobile-header-display":"","site-post-title":"","ast-breadcrumbs-content":"","ast-featured-img":"","footer-sml-layout":"","theme-transparent-header-meta":"default","adv-header-id-meta":"","stick-header-meta":"","header-above-stick-meta":"","header-main-stick-meta":"","header-below-stick-meta":"","astra-migrate-meta-layouts":"set","ast-page-background-enabled":"default","ast-page-background-meta":{"desktop":{"background-color":"var(--ast-global-color-4)","background-image":"","background-repeat":"repeat","background-position":"center center","background-size":"auto","background-attachment":"scroll","background-type":"","background-media":"","overlay-type":"","overlay-color":"","overlay-opacity":"","overlay-gradient":""},"tablet":{"background-color":"","background-image":"","background-repeat":"repeat","background-position":"center center","background-size":"auto","background-attachment":"scroll","background-type":"","background-media":"","overlay-type":"","overlay-color":"","overlay-opacity":"","overlay-gradient":""},"mobile":{"background-color":"","background-image":"","background-repeat":"repeat","background-position":"center center","background-size":"auto","background-attachment":"scroll","background-type":"","background-media":"","overlay-type":"","overlay-color":"","overlay-opacity":"","overlay-gradient":""}},"ast-content-background-meta":{"desktop":{"background-color":"var(--ast-global-color-5)","background-image":"","background-repeat":"repeat","background-position":"center center","background-size":"auto","background-attachment":"scroll","background-type":"","background-media":"","overlay-type":"","overlay-color":"","overlay-opacity":"","overlay-gradient":""},"tablet":{"background-color":"var(--ast-global-color-5)","background-image":"","background-repeat":"repeat","background-position":"center center","background-size":"auto","background-attachment":"scroll","background-type":"","background-media":"","overlay-type":"","overlay-color":"","overlay-opacity":"","overlay-gradient":""},"mobile":{"background-color":"var(--ast-global-color-5)","background-image":"","background-repeat":"repeat","background-position":"center center","background-size":"auto","background-attachment":"scroll","background-type":"","background-media":"","overlay-type":"","overlay-color":"","overlay-opacity":"","overlay-gradient":""}},"footnotes":""},"class_list":["post-3651","page","type-page","status-publish","hentry"],"yoast_head":"<!-- This site is optimized with the Yoast SEO plugin v25.3.1 - https:\/\/yoast.com\/wordpress\/plugins\/seo\/ -->\n<title>Pol\u00edtica de Privacitat - Gremi<\/title>\n<meta name=\"robots\" content=\"noindex, follow, max-snippet:-1, max-image-preview:large, max-video-preview:-1\" \/>\n<meta property=\"og:locale\" content=\"ca_ES\" \/>\n<meta property=\"og:type\" content=\"article\" \/>\n<meta property=\"og:title\" content=\"Pol\u00edtica de Privacitat - Gremi\" \/>\n<meta property=\"og:description\" content=\"POL\u00cdTICA DE PRIVACITAT ASSOCIACI\u00d3 EMPRESARIAL D\u2019INSTAL\u00b7LADORS DE BARCELONA, d\u2019ara endavant \u201cel GREMI\u201d, \u00e9s l\u2019entitat titular del Website www.gremibcn.cat (d\u2019ara endavant [&hellip;]\" \/>\n<meta property=\"og:url\" content=\"https:\/\/gremibcn.ahorraconcaes.com\/ca\/politica-de-privacitat\/\" \/>\n<meta property=\"og:site_name\" content=\"Gremi\" \/>\n<meta property=\"article:modified_time\" content=\"2026-01-16T12:08:28+00:00\" \/>\n<meta name=\"twitter:card\" content=\"summary_large_image\" \/>\n<meta name=\"twitter:label1\" content=\"Temps estimat de lectura\" \/>\n\t<meta name=\"twitter:data1\" content=\"2 minuts\" \/>\n<script type=\"application\/ld+json\" class=\"yoast-schema-graph\">{\"@context\":\"https:\/\/schema.org\",\"@graph\":[{\"@type\":\"WebPage\",\"@id\":\"https:\/\/gremibcn.ahorraconcaes.com\/ca\/politica-de-privacitat\/\",\"url\":\"https:\/\/gremibcn.ahorraconcaes.com\/ca\/politica-de-privacitat\/\",\"name\":\"Pol\u00edtica de Privacitat - Gremi\",\"isPartOf\":{\"@id\":\"https:\/\/gremibcn.ahorraconcaes.com\/ca\/#website\"},\"datePublished\":\"2024-06-18T10:14:20+00:00\",\"dateModified\":\"2026-01-16T12:08:28+00:00\",\"breadcrumb\":{\"@id\":\"https:\/\/gremibcn.ahorraconcaes.com\/ca\/politica-de-privacitat\/#breadcrumb\"},\"inLanguage\":\"ca\",\"potentialAction\":[{\"@type\":\"ReadAction\",\"target\":[\"https:\/\/gremibcn.ahorraconcaes.com\/ca\/politica-de-privacitat\/\"]}]},{\"@type\":\"BreadcrumbList\",\"@id\":\"https:\/\/gremibcn.ahorraconcaes.com\/ca\/politica-de-privacitat\/#breadcrumb\",\"itemListElement\":[{\"@type\":\"ListItem\",\"position\":1,\"name\":\"Portada\",\"item\":\"https:\/\/gremibcn.ahorraconcaes.com\/ca\/\"},{\"@type\":\"ListItem\",\"position\":2,\"name\":\"Pol\u00edtica de Privacitat\"}]},{\"@type\":\"WebSite\",\"@id\":\"https:\/\/gremibcn.ahorraconcaes.com\/ca\/#website\",\"url\":\"https:\/\/gremibcn.ahorraconcaes.com\/ca\/\",\"name\":\"Gremi\",\"description\":\"Gremi d&#039;Instal\u00b7ladors de Barcelona\",\"publisher\":{\"@id\":\"https:\/\/gremibcn.ahorraconcaes.com\/ca\/#organization\"},\"potentialAction\":[{\"@type\":\"SearchAction\",\"target\":{\"@type\":\"EntryPoint\",\"urlTemplate\":\"https:\/\/gremibcn.ahorraconcaes.com\/ca\/?s={search_term_string}\"},\"query-input\":{\"@type\":\"PropertyValueSpecification\",\"valueRequired\":true,\"valueName\":\"search_term_string\"}}],\"inLanguage\":\"ca\"},{\"@type\":\"Organization\",\"@id\":\"https:\/\/gremibcn.ahorraconcaes.com\/ca\/#organization\",\"name\":\"Gremi\",\"url\":\"https:\/\/gremibcn.ahorraconcaes.com\/ca\/\",\"logo\":{\"@type\":\"ImageObject\",\"inLanguage\":\"ca\",\"@id\":\"https:\/\/gremibcn.ahorraconcaes.com\/ca\/#\/schema\/logo\/image\/\",\"url\":\"https:\/\/gremibcn.ahorraconcaes.com\/wp-content\/uploads\/sites\/4\/2025\/07\/Gremi-logo-horizontal-18060.png\",\"contentUrl\":\"https:\/\/gremibcn.ahorraconcaes.com\/wp-content\/uploads\/sites\/4\/2025\/07\/Gremi-logo-horizontal-18060.png\",\"width\":540,\"height\":180,\"caption\":\"Gremi\"},\"image\":{\"@id\":\"https:\/\/gremibcn.ahorraconcaes.com\/ca\/#\/schema\/logo\/image\/\"}}]}<\/script>\n<!-- \/ Yoast SEO plugin. -->","yoast_head_json":{"title":"Pol\u00edtica de Privacitat - Gremi","robots":{"index":"noindex","follow":"follow","max-snippet":"max-snippet:-1","max-image-preview":"max-image-preview:large","max-video-preview":"max-video-preview:-1"},"og_locale":"ca_ES","og_type":"article","og_title":"Pol\u00edtica de Privacitat - Gremi","og_description":"POL\u00cdTICA DE PRIVACITAT ASSOCIACI\u00d3 EMPRESARIAL D\u2019INSTAL\u00b7LADORS DE BARCELONA, d\u2019ara endavant \u201cel GREMI\u201d, \u00e9s l\u2019entitat titular del Website www.gremibcn.cat (d\u2019ara endavant [&hellip;]","og_url":"https:\/\/gremibcn.ahorraconcaes.com\/ca\/politica-de-privacitat\/","og_site_name":"Gremi","article_modified_time":"2026-01-16T12:08:28+00:00","twitter_card":"summary_large_image","twitter_misc":{"Temps estimat de lectura":"2 minuts"},"schema":{"@context":"https:\/\/schema.org","@graph":[{"@type":"WebPage","@id":"https:\/\/gremibcn.ahorraconcaes.com\/ca\/politica-de-privacitat\/","url":"https:\/\/gremibcn.ahorraconcaes.com\/ca\/politica-de-privacitat\/","name":"Pol\u00edtica de Privacitat - Gremi","isPartOf":{"@id":"https:\/\/gremibcn.ahorraconcaes.com\/ca\/#website"},"datePublished":"2024-06-18T10:14:20+00:00","dateModified":"2026-01-16T12:08:28+00:00","breadcrumb":{"@id":"https:\/\/gremibcn.ahorraconcaes.com\/ca\/politica-de-privacitat\/#breadcrumb"},"inLanguage":"ca","potentialAction":[{"@type":"ReadAction","target":["https:\/\/gremibcn.ahorraconcaes.com\/ca\/politica-de-privacitat\/"]}]},{"@type":"BreadcrumbList","@id":"https:\/\/gremibcn.ahorraconcaes.com\/ca\/politica-de-privacitat\/#breadcrumb","itemListElement":[{"@type":"ListItem","position":1,"name":"Portada","item":"https:\/\/gremibcn.ahorraconcaes.com\/ca\/"},{"@type":"ListItem","position":2,"name":"Pol\u00edtica de Privacitat"}]},{"@type":"WebSite","@id":"https:\/\/gremibcn.ahorraconcaes.com\/ca\/#website","url":"https:\/\/gremibcn.ahorraconcaes.com\/ca\/","name":"Gremi","description":"Gremi d&#039;Instal\u00b7ladors de Barcelona","publisher":{"@id":"https:\/\/gremibcn.ahorraconcaes.com\/ca\/#organization"},"potentialAction":[{"@type":"SearchAction","target":{"@type":"EntryPoint","urlTemplate":"https:\/\/gremibcn.ahorraconcaes.com\/ca\/?s={search_term_string}"},"query-input":{"@type":"PropertyValueSpecification","valueRequired":true,"valueName":"search_term_string"}}],"inLanguage":"ca"},{"@type":"Organization","@id":"https:\/\/gremibcn.ahorraconcaes.com\/ca\/#organization","name":"Gremi","url":"https:\/\/gremibcn.ahorraconcaes.com\/ca\/","logo":{"@type":"ImageObject","inLanguage":"ca","@id":"https:\/\/gremibcn.ahorraconcaes.com\/ca\/#\/schema\/logo\/image\/","url":"https:\/\/gremibcn.ahorraconcaes.com\/wp-content\/uploads\/sites\/4\/2025\/07\/Gremi-logo-horizontal-18060.png","contentUrl":"https:\/\/gremibcn.ahorraconcaes.com\/wp-content\/uploads\/sites\/4\/2025\/07\/Gremi-logo-horizontal-18060.png","width":540,"height":180,"caption":"Gremi"},"image":{"@id":"https:\/\/gremibcn.ahorraconcaes.com\/ca\/#\/schema\/logo\/image\/"}}]}},"brizy_media":[],"_links":{"self":[{"href":"https:\/\/gremibcn.ahorraconcaes.com\/ca\/wp-json\/wp\/v2\/pages\/3651","targetHints":{"allow":["GET"]}}],"collection":[{"href":"https:\/\/gremibcn.ahorraconcaes.com\/ca\/wp-json\/wp\/v2\/pages"}],"about":[{"href":"https:\/\/gremibcn.ahorraconcaes.com\/ca\/wp-json\/wp\/v2\/types\/page"}],"author":[{"embeddable":true,"href":"https:\/\/gremibcn.ahorraconcaes.com\/ca\/wp-json\/wp\/v2\/users\/1"}],"replies":[{"embeddable":true,"href":"https:\/\/gremibcn.ahorraconcaes.com\/ca\/wp-json\/wp\/v2\/comments?post=3651"}],"version-history":[{"count":0,"href":"https:\/\/gremibcn.ahorraconcaes.com\/ca\/wp-json\/wp\/v2\/pages\/3651\/revisions"}],"wp:attachment":[{"href":"https:\/\/gremibcn.ahorraconcaes.com\/ca\/wp-json\/wp\/v2\/media?parent=3651"}],"curies":[{"name":"wp","href":"https:\/\/api.w.org\/{rel}","templated":true}]}}