{"id":3592,"date":"2024-07-03T08:40:04","date_gmt":"2024-07-03T06:40:04","guid":{"rendered":"https:\/\/gremi.ahorraconcaes.infofuturo.eu\/certificados-de-eficiencia\/"},"modified":"2026-01-14T14:52:23","modified_gmt":"2026-01-14T13:52:23","slug":"certificats-deficiencia","status":"publish","type":"page","link":"https:\/\/gremibcn.ahorraconcaes.com\/ca\/certificats-deficiencia\/","title":{"rendered":"Certificats d\u2019Efici\u00e8ncia"},"content":{"rendered":"<div class=\"brz brz-root__container brz-reset-all brz-root__container-page\">\n<section id=\"rFr2mX0yRziE_rFr2mX0yRziE\" class=\"brz-section brz-css-2ynkdq brz-css-126pcwv\">\n<div class=\"brz-section__content brz-section--fullWidth brz-css-1n2mpq0 brz-css-1t9zq23\" data-brz-custom-id=\"uIXcUN1eilFa\">\n<div class=\"brz-bg\">\n<div class=\"brz-bg-image\"><\/div>\n<div class=\"brz-bg-color\"><\/div>\n<\/div>\n<div class=\"brz-container brz-css-rrk7sv brz-css-1h3z1o7\">\n<div class=\"brz-row__container brz-css-16j8tbr brz-css-us37lp\" data-brz-custom-id=\"mrqA09aog7M3\">\n<div class=\"brz-row brz-css-1a5chpd brz-css-10gl1fq\">\n<div class=\"brz-columns brz-css-7ktwu0 brz-css-1oyexlz\" data-brz-custom-id=\"xk5eWA6IqHEy\">\n<div class=\"brz-column__items brz-css-ntbh3i brz-css-1fxwf3s\">\n<div id=\"\" class=\"brz-css-1nx66n8 brz-css-17vv6x3 brz-wrapper\">\n<div class=\"brz-rich-text brz-rich-text__custom brz-css-13wuvt0 brz-css-9oxyvo\" data-brz-custom-id=\"a3MJRaudZVbK\">\n<div data-brz-translate-text=\"1\">\n<p class=\"brz-tp-xs-heading2 brz-tp-sm-heading1 brz-tp-lg-empty brz-ff-red_hat_text brz-ft-google brz-fs-lg-46 brz-fss-lg-px brz-fw-lg-700 brz-ls-lg-m_1_5 brz-lh-lg-1_3 brz-vfw-lg-400 brz-fwdth-lg-100 brz-fsft-lg-0 brz-css-xF8P5\" data-uniq-id=\"ggsxh\" data-generated-css=\"brz-css-zrkAo\"><span class=\"brz-cp-color2 brz-capitalize-on brz-uppercase-true\">Certificats d\u2019Efici\u00e8ncia<\/span><\/p>\n<\/div>\n<\/div>\n<\/div>\n<div id=\"\" class=\"brz-css-1nx66n8 brz-css-g5c8jw brz-wrapper\">\n<div class=\"brz-line brz-line-default brz-css-m19w4g brz-css-1yq2bba\" data-brz-custom-id=\"oBu7hTA_PBnO\">\n<hr class=\"brz-hr\"><\/div>\n<\/div>\n<\/div>\n<\/div>\n<\/div>\n<\/div>\n<\/div>\n<\/div>\n<\/section>\n<section id=\"lps4JWatTR5l_lps4JWatTR5l\" class=\"brz-section brz-css-dn7sd6 brz-css-1w8or1d\">\n<div class=\"brz-section__content brz-section--fullWidth brz-css-endiun brz-css-slm9gb\" data-brz-custom-id=\"vAWLbtO0bCFZ\">\n<div class=\"brz-bg\">\n<div class=\"brz-bg-color\"><\/div>\n<\/div>\n<div class=\"brz-container brz-css-1ry79gd brz-css-18i2h7c\">\n<div class=\"brz-row__container brz-css-1m5y23v brz-css-udl8ar\" data-brz-custom-id=\"aIlX8HUmlsfe\">\n<div class=\"brz-row brz-css-i25n0r brz-css-d9lw40\">\n<div class=\"brz-columns brz-css-1megddq brz-css-mn0iuc\" data-brz-custom-id=\"c_R8xMfNbylv\">\n<div class=\"brz-bg\">\n<div class=\"brz-bg-color\"><\/div>\n<\/div>\n<div class=\"brz-column__items brz-css-cnsir2 brz-css-1n4mzgg\">\n<div id=\"\" class=\"brz-css-16y09dw brz-css-1ugc8mv brz-wrapper\">\n<div class=\"brz-accordion brz-css-1lqkjw9 brz-css-1b60ovh\" data-brz-duration=\"300\" data-brz-custom-id=\"fp0NDjElfLzw\">\n<div class=\"brz-accordion__item\">\n<div class=\"brz-accordion__nav\" data-brz-collapsible=\"off\"><span data-brz-translate-text=\"1\" class=\"brz-accordion__nav-title brz-span brz-text__editor\">Qu\u00e8 \u00e9s un certificat d\u2019efici\u00e8ncia energ\u00e8tica?<br \/>\n<\/span><\/div>\n<div class=\"brz-accordion__content brz-d-xs-flex brz-flex-xs-column\">\n<div class=\"brz-accordion__item-content brz-d-xs-flex brz-flex-xs-column\">\n<div id=\"\" class=\"brz-css-16y09dw brz-css-l9e42i brz-wrapper\">\n<div class=\"brz-rich-text brz-rich-text__custom brz-css-18e4bmh brz-css-1psjq2o\" data-brz-custom-id=\"dI7wdWKopi9O\">\n<div data-brz-translate-text=\"1\">\n<p class=\"ql-align-justify brz-tp-lg-paragraph brz-tp-xs-paragraph brz-css-qZjDU\" data-generated-css=\"brz-css-b2bTF\" data-uniq-id=\"jo1iE\"><span class=\"brz-cp-color7\">El certificat d\u2019efici\u00e8ncia energ\u00e8tica \u00e9s el document resultant del proc\u00e9s de certificaci\u00f3 energ\u00e8tica d\u2019un immoble, en el qual es recull informaci\u00f3 sobre els seus elements constructius i les seves instal\u00b7lacions (sistemes de ventilaci\u00f3, il\u00b7luminaci\u00f3, calefacci\u00f3 i refrigeraci\u00f3 o aigua calenta), obtenint, a partir d\u2019aquests, valors sobre la demanda i el consum energ\u00e8tic del mateix.<\/span><\/p>\n<p class=\"ql-align-justify brz-tp-lg-paragraph brz-tp-xs-paragraph brz-css-kWkgH\" data-generated-css=\"brz-css-b2bTF\" data-uniq-id=\"jo1iE\"><span class=\"brz-cp-color7\"> <\/span><\/p>\n<p class=\"ql-align-justify brz-tp-lg-paragraph brz-tp-xs-paragraph brz-css-y3Hst\" data-generated-css=\"brz-css-v0HBB\" data-uniq-id=\"hqaP9\"><span class=\"brz-cp-color7\">Amb aquests valors, s\u2019atorga a l\u2019immoble dues qualificacions energ\u00e8tiques, una en funci\u00f3 de les emissions de di\u00f2xid de carboni i una altra en funci\u00f3 del consum d\u2019energia prim\u00e0ria.<\/span><\/p>\n<p class=\"brz-tp-lg-paragraph ql-align-justify brz-tp-xs-paragraph brz-css-eSA2e\" data-generated-css=\"brz-css-v0HBB\" data-uniq-id=\"hqaP9\"><span class=\"brz-cp-color7\"> <\/span><\/p>\n<p class=\"brz-tp-lg-paragraph ql-align-justify brz-tp-xs-paragraph brz-css-qcHhu\" data-generated-css=\"brz-css-ogIPR\" data-uniq-id=\"o6wLs\"><span class=\"brz-cp-color7\">El certificat d\u2019efici\u00e8ncia energ\u00e8tica de l\u2019edifici s\u2019ha de registrar a l\u2019\u00f2rgan competent de la Comunitat Aut\u00f2noma en mat\u00e8ria de certificaci\u00f3 energ\u00e8tica d\u2019edificis.<\/span><\/p>\n<\/div>\n<\/div>\n<\/div>\n<\/div>\n<\/div>\n<\/div>\n<div class=\"brz-accordion__item\">\n<div class=\"brz-accordion__nav\" data-brz-collapsible=\"off\"><span data-brz-translate-text=\"1\" class=\"brz-accordion__nav-title brz-span brz-text__editor\">Qui pot realitzar un certificat d\u2019efici\u00e8ncia energ\u00e8tica?<br \/>\n<\/span><\/div>\n<div class=\"brz-accordion__content brz-d-xs-flex brz-flex-xs-column\">\n<div class=\"brz-accordion__item-content brz-d-xs-flex brz-flex-xs-column\">\n<div id=\"\" class=\"brz-css-16y09dw brz-css-gvqydz brz-wrapper\">\n<div class=\"brz-rich-text brz-rich-text__custom brz-css-18e4bmh brz-css-1wbkozq\" data-brz-custom-id=\"qaWiBcdzHjHr\">\n<div data-brz-translate-text=\"1\">\n<p class=\"ql-align-justify brz-tp-lg-paragraph brz-css-w_YMA\" data-uniq-id=\"fVO6v\" data-generated-css=\"brz-css-gz7xB\"><span class=\"brz-cp-color7\">Els certificats d\u2019efici\u00e8ncia energ\u00e8tica s\u00f3n subscrits per t\u00e8cnics competents, els quals han d\u2019estar en possessi\u00f3 de qualsevol de les titulacions acad\u00e8miques i professionals habilitants.<\/span><\/p>\n<\/div>\n<\/div>\n<\/div>\n<\/div>\n<\/div>\n<\/div>\n<div class=\"brz-accordion__item\">\n<div class=\"brz-accordion__nav\" data-brz-collapsible=\"off\"><span data-brz-translate-text=\"1\" class=\"brz-accordion__nav-title brz-span brz-text__editor\">Quina validesa t\u00e9 un certificat d\u2019efici\u00e8ncia energ\u00e8tica?<br \/>\n<\/span><\/div>\n<div class=\"brz-accordion__content brz-d-xs-flex brz-flex-xs-column\">\n<div class=\"brz-accordion__item-content brz-d-xs-flex brz-flex-xs-column\">\n<div id=\"\" class=\"brz-css-16y09dw brz-css-1gl3hxb brz-wrapper\">\n<div class=\"brz-rich-text brz-rich-text__custom brz-css-18e4bmh brz-css-19cenwp\" data-brz-custom-id=\"uE7Rj41h9m_V\">\n<div data-brz-translate-text=\"1\">\n<p class=\"ql-align-justify brz-tp-lg-paragraph brz-css-gISuy\" data-uniq-id=\"xHl2x\" data-generated-css=\"brz-css-v0SGj\"><span class=\"brz-cp-color7\">El certificat d\u2019efici\u00e8ncia energ\u00e8tica tindr\u00e0 una validesa m\u00e0xima de deu anys, excepte quan la qualificaci\u00f3 energ\u00e8tica sigui G, la validesa m\u00e0xima de la qual ser\u00e0 de cinc anys.<\/span><\/p>\n<\/div>\n<\/div>\n<\/div>\n<\/div>\n<\/div>\n<\/div>\n<div class=\"brz-accordion__item\">\n<div class=\"brz-accordion__nav\" data-brz-collapsible=\"off\"><span data-brz-translate-text=\"1\" class=\"brz-accordion__nav-title brz-span brz-text__editor\">\u00bfQui\u00e9n puede registrar el certificado de eficiencia energ\u00e9tica ante el \u00f3rgano competente?<\/span><\/div>\n<div class=\"brz-accordion__content brz-d-xs-flex brz-flex-xs-column\">\n<div class=\"brz-accordion__item-content brz-d-xs-flex brz-flex-xs-column\">\n<div id=\"\" class=\"brz-css-16y09dw brz-css-19eruwl brz-wrapper\">\n<div class=\"brz-rich-text brz-rich-text__custom brz-css-18e4bmh brz-css-tskf9m\" data-brz-custom-id=\"rKQTmcn2z3Sz\">\n<div data-brz-translate-text=\"1\">\n<p class=\"ql-align-justify brz-tp-lg-paragraph brz-css-zJy6_\" data-uniq-id=\"lTkZ3\" data-generated-css=\"brz-css-wfLQR\"><span class=\"brz-cp-color7\">El certificat d\u2019efici\u00e8ncia energ\u00e8tica de l\u2019edifici, juntament amb l\u2019informe d\u2019avaluaci\u00f3 energ\u00e8tica de l\u2019edifici en format electr\u00f2nic (XML), s\u2019han de presentar, pel promotor, propietari, o la persona autoritzada per aquests, a l\u2019\u00f2rgan competent de la comunitat aut\u00f2noma en mat\u00e8ria de certificaci\u00f3 energ\u00e8tica d\u2019edificis, per al registre d\u2019aquestes certificacions en el seu \u00e0mbit territorial.<\/span><\/p>\n<\/div>\n<\/div>\n<\/div>\n<\/div>\n<\/div>\n<\/div>\n<\/div>\n<\/div>\n<\/div>\n<\/div>\n<div class=\"brz-columns brz-css-1megddq brz-css-kgjuuu\" data-brz-custom-id=\"yGhflVZVtmwi\">\n<div class=\"brz-bg\">\n<div class=\"brz-bg-image\"><\/div>\n<\/div>\n<div class=\"brz-column__items brz-css-cnsir2 brz-css-1ls7u53\">\n<div id=\"\" class=\"brz-css-16y09dw brz-css-1h4nds2 brz-css-muibxh brz-wrapper\">\n<div class=\"brz-spacer brz-css-azwvrc brz-css-2lm02m\"><\/div>\n<\/div>\n<\/div>\n<\/div>\n<\/div>\n<\/div>\n<\/div>\n<\/div>\n<\/section><\/div>\n<p><!-- version:1758614329 --><\/p>\n","protected":false},"excerpt":{"rendered":"<p>Certificats d\u2019Efici\u00e8ncia Qu\u00e8 \u00e9s un certificat d\u2019efici\u00e8ncia energ\u00e8tica? El certificat d\u2019efici\u00e8ncia energ\u00e8tica \u00e9s el document resultant del proc\u00e9s de certificaci\u00f3 [&hellip;]<\/p>\n","protected":false},"author":1,"featured_media":0,"parent":0,"menu_order":0,"comment_status":"closed","ping_status":"closed","template":"brizy-blank-template.php","meta":{"site-sidebar-layout":"default","site-content-layout":"","ast-site-content-layout":"default","site-content-style":"default","site-sidebar-style":"default","ast-global-header-display":"","ast-banner-title-visibility":"","ast-main-header-display":"","ast-hfb-above-header-display":"","ast-hfb-below-header-display":"","ast-hfb-mobile-header-display":"","site-post-title":"","ast-breadcrumbs-content":"","ast-featured-img":"","footer-sml-layout":"","theme-transparent-header-meta":"default","adv-header-id-meta":"","stick-header-meta":"","header-above-stick-meta":"","header-main-stick-meta":"","header-below-stick-meta":"","astra-migrate-meta-layouts":"set","ast-page-background-enabled":"default","ast-page-background-meta":{"desktop":{"background-color":"var(--ast-global-color-4)","background-image":"","background-repeat":"repeat","background-position":"center center","background-size":"auto","background-attachment":"scroll","background-type":"","background-media":"","overlay-type":"","overlay-color":"","overlay-opacity":"","overlay-gradient":""},"tablet":{"background-color":"","background-image":"","background-repeat":"repeat","background-position":"center center","background-size":"auto","background-attachment":"scroll","background-type":"","background-media":"","overlay-type":"","overlay-color":"","overlay-opacity":"","overlay-gradient":""},"mobile":{"background-color":"","background-image":"","background-repeat":"repeat","background-position":"center center","background-size":"auto","background-attachment":"scroll","background-type":"","background-media":"","overlay-type":"","overlay-color":"","overlay-opacity":"","overlay-gradient":""}},"ast-content-background-meta":{"desktop":{"background-color":"var(--ast-global-color-5)","background-image":"","background-repeat":"repeat","background-position":"center center","background-size":"auto","background-attachment":"scroll","background-type":"","background-media":"","overlay-type":"","overlay-color":"","overlay-opacity":"","overlay-gradient":""},"tablet":{"background-color":"var(--ast-global-color-5)","background-image":"","background-repeat":"repeat","background-position":"center center","background-size":"auto","background-attachment":"scroll","background-type":"","background-media":"","overlay-type":"","overlay-color":"","overlay-opacity":"","overlay-gradient":""},"mobile":{"background-color":"var(--ast-global-color-5)","background-image":"","background-repeat":"repeat","background-position":"center center","background-size":"auto","background-attachment":"scroll","background-type":"","background-media":"","overlay-type":"","overlay-color":"","overlay-opacity":"","overlay-gradient":""}},"footnotes":""},"class_list":["post-3592","page","type-page","status-publish","hentry"],"yoast_head":"<!-- This site is optimized with the Yoast SEO plugin v25.3.1 - https:\/\/yoast.com\/wordpress\/plugins\/seo\/ -->\n<title>Certificats d\u2019Efici\u00e8ncia - Gremi<\/title>\n<meta name=\"robots\" content=\"noindex, follow, max-snippet:-1, max-image-preview:large, max-video-preview:-1\" \/>\n<meta property=\"og:locale\" content=\"ca_ES\" \/>\n<meta property=\"og:type\" content=\"article\" \/>\n<meta property=\"og:title\" content=\"Certificats d\u2019Efici\u00e8ncia - Gremi\" \/>\n<meta property=\"og:description\" content=\"Certificats d\u2019Efici\u00e8ncia Qu\u00e8 \u00e9s un certificat d\u2019efici\u00e8ncia energ\u00e8tica? El certificat d\u2019efici\u00e8ncia energ\u00e8tica \u00e9s el document resultant del proc\u00e9s de certificaci\u00f3 [&hellip;]\" \/>\n<meta property=\"og:url\" content=\"https:\/\/gremibcn.ahorraconcaes.com\/ca\/certificats-deficiencia\/\" \/>\n<meta property=\"og:site_name\" content=\"Gremi\" \/>\n<meta property=\"article:modified_time\" content=\"2026-01-14T13:52:23+00:00\" \/>\n<meta name=\"twitter:card\" content=\"summary_large_image\" \/>\n<meta name=\"twitter:label1\" content=\"Temps estimat de lectura\" \/>\n\t<meta name=\"twitter:data1\" content=\"2 minuts\" \/>\n<script type=\"application\/ld+json\" class=\"yoast-schema-graph\">{\"@context\":\"https:\/\/schema.org\",\"@graph\":[{\"@type\":\"WebPage\",\"@id\":\"https:\/\/gremibcn.ahorraconcaes.com\/ca\/certificats-deficiencia\/\",\"url\":\"https:\/\/gremibcn.ahorraconcaes.com\/ca\/certificats-deficiencia\/\",\"name\":\"Certificats d\u2019Efici\u00e8ncia - Gremi\",\"isPartOf\":{\"@id\":\"https:\/\/gremibcn.ahorraconcaes.com\/ca\/#website\"},\"datePublished\":\"2024-07-03T06:40:04+00:00\",\"dateModified\":\"2026-01-14T13:52:23+00:00\",\"breadcrumb\":{\"@id\":\"https:\/\/gremibcn.ahorraconcaes.com\/ca\/certificats-deficiencia\/#breadcrumb\"},\"inLanguage\":\"ca\",\"potentialAction\":[{\"@type\":\"ReadAction\",\"target\":[\"https:\/\/gremibcn.ahorraconcaes.com\/ca\/certificats-deficiencia\/\"]}]},{\"@type\":\"BreadcrumbList\",\"@id\":\"https:\/\/gremibcn.ahorraconcaes.com\/ca\/certificats-deficiencia\/#breadcrumb\",\"itemListElement\":[{\"@type\":\"ListItem\",\"position\":1,\"name\":\"Portada\",\"item\":\"https:\/\/gremibcn.ahorraconcaes.com\/ca\/\"},{\"@type\":\"ListItem\",\"position\":2,\"name\":\"Certificats d\u2019Efici\u00e8ncia\"}]},{\"@type\":\"WebSite\",\"@id\":\"https:\/\/gremibcn.ahorraconcaes.com\/ca\/#website\",\"url\":\"https:\/\/gremibcn.ahorraconcaes.com\/ca\/\",\"name\":\"Gremi\",\"description\":\"Gremi d&#039;Instal\u00b7ladors de Barcelona\",\"publisher\":{\"@id\":\"https:\/\/gremibcn.ahorraconcaes.com\/ca\/#organization\"},\"potentialAction\":[{\"@type\":\"SearchAction\",\"target\":{\"@type\":\"EntryPoint\",\"urlTemplate\":\"https:\/\/gremibcn.ahorraconcaes.com\/ca\/?s={search_term_string}\"},\"query-input\":{\"@type\":\"PropertyValueSpecification\",\"valueRequired\":true,\"valueName\":\"search_term_string\"}}],\"inLanguage\":\"ca\"},{\"@type\":\"Organization\",\"@id\":\"https:\/\/gremibcn.ahorraconcaes.com\/ca\/#organization\",\"name\":\"Gremi\",\"url\":\"https:\/\/gremibcn.ahorraconcaes.com\/ca\/\",\"logo\":{\"@type\":\"ImageObject\",\"inLanguage\":\"ca\",\"@id\":\"https:\/\/gremibcn.ahorraconcaes.com\/ca\/#\/schema\/logo\/image\/\",\"url\":\"https:\/\/gremibcn.ahorraconcaes.com\/wp-content\/uploads\/sites\/4\/2025\/07\/Gremi-logo-horizontal-18060.png\",\"contentUrl\":\"https:\/\/gremibcn.ahorraconcaes.com\/wp-content\/uploads\/sites\/4\/2025\/07\/Gremi-logo-horizontal-18060.png\",\"width\":540,\"height\":180,\"caption\":\"Gremi\"},\"image\":{\"@id\":\"https:\/\/gremibcn.ahorraconcaes.com\/ca\/#\/schema\/logo\/image\/\"}}]}<\/script>\n<!-- \/ Yoast SEO plugin. -->","yoast_head_json":{"title":"Certificats d\u2019Efici\u00e8ncia - Gremi","robots":{"index":"noindex","follow":"follow","max-snippet":"max-snippet:-1","max-image-preview":"max-image-preview:large","max-video-preview":"max-video-preview:-1"},"og_locale":"ca_ES","og_type":"article","og_title":"Certificats d\u2019Efici\u00e8ncia - Gremi","og_description":"Certificats d\u2019Efici\u00e8ncia Qu\u00e8 \u00e9s un certificat d\u2019efici\u00e8ncia energ\u00e8tica? El certificat d\u2019efici\u00e8ncia energ\u00e8tica \u00e9s el document resultant del proc\u00e9s de certificaci\u00f3 [&hellip;]","og_url":"https:\/\/gremibcn.ahorraconcaes.com\/ca\/certificats-deficiencia\/","og_site_name":"Gremi","article_modified_time":"2026-01-14T13:52:23+00:00","twitter_card":"summary_large_image","twitter_misc":{"Temps estimat de lectura":"2 minuts"},"schema":{"@context":"https:\/\/schema.org","@graph":[{"@type":"WebPage","@id":"https:\/\/gremibcn.ahorraconcaes.com\/ca\/certificats-deficiencia\/","url":"https:\/\/gremibcn.ahorraconcaes.com\/ca\/certificats-deficiencia\/","name":"Certificats d\u2019Efici\u00e8ncia - Gremi","isPartOf":{"@id":"https:\/\/gremibcn.ahorraconcaes.com\/ca\/#website"},"datePublished":"2024-07-03T06:40:04+00:00","dateModified":"2026-01-14T13:52:23+00:00","breadcrumb":{"@id":"https:\/\/gremibcn.ahorraconcaes.com\/ca\/certificats-deficiencia\/#breadcrumb"},"inLanguage":"ca","potentialAction":[{"@type":"ReadAction","target":["https:\/\/gremibcn.ahorraconcaes.com\/ca\/certificats-deficiencia\/"]}]},{"@type":"BreadcrumbList","@id":"https:\/\/gremibcn.ahorraconcaes.com\/ca\/certificats-deficiencia\/#breadcrumb","itemListElement":[{"@type":"ListItem","position":1,"name":"Portada","item":"https:\/\/gremibcn.ahorraconcaes.com\/ca\/"},{"@type":"ListItem","position":2,"name":"Certificats d\u2019Efici\u00e8ncia"}]},{"@type":"WebSite","@id":"https:\/\/gremibcn.ahorraconcaes.com\/ca\/#website","url":"https:\/\/gremibcn.ahorraconcaes.com\/ca\/","name":"Gremi","description":"Gremi d&#039;Instal\u00b7ladors de Barcelona","publisher":{"@id":"https:\/\/gremibcn.ahorraconcaes.com\/ca\/#organization"},"potentialAction":[{"@type":"SearchAction","target":{"@type":"EntryPoint","urlTemplate":"https:\/\/gremibcn.ahorraconcaes.com\/ca\/?s={search_term_string}"},"query-input":{"@type":"PropertyValueSpecification","valueRequired":true,"valueName":"search_term_string"}}],"inLanguage":"ca"},{"@type":"Organization","@id":"https:\/\/gremibcn.ahorraconcaes.com\/ca\/#organization","name":"Gremi","url":"https:\/\/gremibcn.ahorraconcaes.com\/ca\/","logo":{"@type":"ImageObject","inLanguage":"ca","@id":"https:\/\/gremibcn.ahorraconcaes.com\/ca\/#\/schema\/logo\/image\/","url":"https:\/\/gremibcn.ahorraconcaes.com\/wp-content\/uploads\/sites\/4\/2025\/07\/Gremi-logo-horizontal-18060.png","contentUrl":"https:\/\/gremibcn.ahorraconcaes.com\/wp-content\/uploads\/sites\/4\/2025\/07\/Gremi-logo-horizontal-18060.png","width":540,"height":180,"caption":"Gremi"},"image":{"@id":"https:\/\/gremibcn.ahorraconcaes.com\/ca\/#\/schema\/logo\/image\/"}}]}},"brizy_media":[{"id":1757,"url":"https:\/\/gremibcn.ahorraconcaes.com\/wp-content\/uploads\/sites\/4\/2024\/07\/side-view-man-working-eco-friendly-wind-power-project-with-paper-plans-copia-1.webp","name":"side-view-man-working-eco-friendly-wind-power-project-with-paper-plans-copia-1.webp","meta":{"brizy_attachment_uid":"wp-dcf15efd8ff95db74033dc897d10f8a7.webp","brizy_post_uid":["b633f63429268e91d85b3b9d357d4e86","b633f63429268e91d85b3b9d357d4e86"]}},{"id":1805,"url":"https:\/\/gremibcn.ahorraconcaes.com\/wp-content\/uploads\/sites\/4\/2024\/07\/energy-saving-real-estate-family-home-concept-closeup-female-hands-holding-white-paper-house-with-energy-efficiency-rating-copia.webp","name":"energy-saving-real-estate-family-home-concept-closeup-female-hands-holding-white-paper-house-with-energy-efficiency-rating-copia.webp","meta":{"brizy_attachment_uid":"wp-c5bc0c0665d5d64bd570ff00840eb3ac.webp","brizy_post_uid":["b633f63429268e91d85b3b9d357d4e86","b633f63429268e91d85b3b9d357d4e86"]}}],"_links":{"self":[{"href":"https:\/\/gremibcn.ahorraconcaes.com\/ca\/wp-json\/wp\/v2\/pages\/3592","targetHints":{"allow":["GET"]}}],"collection":[{"href":"https:\/\/gremibcn.ahorraconcaes.com\/ca\/wp-json\/wp\/v2\/pages"}],"about":[{"href":"https:\/\/gremibcn.ahorraconcaes.com\/ca\/wp-json\/wp\/v2\/types\/page"}],"author":[{"embeddable":true,"href":"https:\/\/gremibcn.ahorraconcaes.com\/ca\/wp-json\/wp\/v2\/users\/1"}],"replies":[{"embeddable":true,"href":"https:\/\/gremibcn.ahorraconcaes.com\/ca\/wp-json\/wp\/v2\/comments?post=3592"}],"version-history":[{"count":0,"href":"https:\/\/gremibcn.ahorraconcaes.com\/ca\/wp-json\/wp\/v2\/pages\/3592\/revisions"}],"wp:attachment":[{"href":"https:\/\/gremibcn.ahorraconcaes.com\/ca\/wp-json\/wp\/v2\/media?parent=3592"}],"curies":[{"name":"wp","href":"https:\/\/api.w.org\/{rel}","templated":true}]}}